{"id":6453,"date":"2026-03-31T22:52:24","date_gmt":"2026-03-31T22:52:24","guid":{"rendered":"http:\/\/www.distribucionesjas.com.mx\/product\/producto\/"},"modified":"2026-03-31T22:52:28","modified_gmt":"2026-03-31T22:52:28","slug":"sierra-circular-electrica-makita-4131-185mm-1-5kw-turquesa","status":"publish","type":"product","link":"https:\/\/distribucionesjas.com.mx\/?product=sierra-circular-electrica-makita-4131-185mm-1-5kw-turquesa","title":{"rendered":"Sierra Circular El\u00e9ctrica Makita 4131 185mm 1.5kw Turquesa"},"content":{"rendered":"<p>Sierra El\u00e9ctrica De 7-1\/4 De 1500w Corte Metal Makita 4131<\/p>\n<p>COMODIDAD : Menos peso (11.3 lbs.) y compacta para facilitar la portabilidad<br \/>\nCAPACIDAD : Corta acero de hasta 1\/4&#8243; de espesor a 90\u00ba; 3,500 RPM<br \/>\nVERSATILIDAD : Ideal para cortar tuber\u00edas, placas de metal, hierro angular, ductos y otros materiales met\u00e1licos<br \/>\nCONVENIENCIA : Cubierta de la hoja \u201csin llave\u201d<br \/>\nINCLUYE : Hoja con punta de cermet y llave  <\/p>\n<p>Acerca del Modelo<\/p>\n<p>La Sierra de 7-1\/4&#8243; para Metal 4131 de Makita con recolector de polvo corta a trav\u00e9s de una variedad de aceros templados. La hoja con puntas CERMET deja los cortes libres de asperezas que son suaves al contacto y la cubierta de la hoja proporciona mayor protecci\u00f3n. La 4131 funciona con un motor de 13 amperes y puede cortar a trav\u00e9s de techos de acero, ductos, tuber\u00edas de hierro y m\u00e1s. La 4131 tiene una m\u00e1xima profundidad de corte de 2-1\/2&#8243; y alta eficiencia de retenci\u00f3n de astillas.<\/p>\n<p>Caracter\u00edsticas:<\/p>\n<p>Potente motor de 13.0 amperes corta a trav\u00e9s de varios tipos de metal<br \/>\nLa resistente cubierta de la hoja provee m\u00e1s protecci\u00f3n contra astillas<br \/>\nCortes virtualmente libres de chispas<br \/>\nNavajas con punta de CERMET est\u00e1n hechas con una mezcla especial de cer\u00e1mica y metal que resiste el calor<br \/>\nCubierta de la hoja removible &#8220;sin llave&#8221; y ventana de recolecci\u00f3n de astillas para la comodidad del operador<br \/>\nGran capacidad de corte en una sola pasada<br \/>\nCortes r\u00e1pidos y sin esfuerzo a trav\u00e9s de una o m\u00faltiples piezas de metal con terminado libre de asperezas al contacto<br \/>\nPalanca de r\u00e1pida liberaci\u00f3n del protector de la hoja para cortes de descenso<br \/>\nCubierta base de acero inoxidable para estabilidad y resistencia<br \/>\nEscobillas accesibles externas para una f\u00e1cil sustituci\u00f3n  <\/p>\n<p>Especificaciones t\u00e9cnicas:<\/p>\n<p>Amperaje (amperios) : 13<br \/>\nDi\u00e1metro de la Hoja : 7-1\/4&#8243;<br \/>\nVelocidad Sin Carga : 3,500 RPM<br \/>\nProfundidad M\u00e1x. de Corte : 2-1\/2&#8243;<br \/>\nLongitud Total : 14-1\/8&#8243;<br \/>\nPeso Neto : 10.6 lbs.<br \/>\nCapacidad (acero) : 1\/4&#8243;<br \/>\nCapacidad de Corte (grosor) : 1\/4&#8243;<br \/>\nCapacidad M\u00e1x. de Corte a 90\u00b0 (aluminio) : 2-1\/2&#8243;<br \/>\nCapacidad M\u00e1x. de Corte a 90\u00b0 (acero templado) : 2-1\/2&#8243;<br \/>\nM\u00e1x. Velocidad Sin Carga : 3,500 RPM<br \/>\nTipo de Potencia : Con cable<\/p>\n","protected":false},"excerpt":{"rendered":"<p>Sierra El\u00e9ctrica De 7-1\/4 De 1500w Corte Metal Makita 4131 COMODIDAD : Menos peso (11.3 lbs.) y compacta para facilitar la portabilidad CAPACIDAD : Corta&#8230;<\/p>\n","protected":false},"featured_media":6454,"comment_status":"open","ping_status":"closed","template":"","meta":[],"etheme_brands":[],"product_brand":[],"product_cat":[68],"product_tag":[],"class_list":{"0":"post-6453","1":"product","2":"type-product","3":"status-publish","4":"has-post-thumbnail","6":"product_cat-herramientas-electricas-mlm2526","8":"first","9":"outofstock","10":"shipping-taxable","11":"product-type-variable"},"jetpack_sharing_enabled":true,"_links":{"self":[{"href":"https:\/\/distribucionesjas.com.mx\/index.php?rest_route=\/wp\/v2\/product\/6453","targetHints":{"allow":["GET"]}}],"collection":[{"href":"https:\/\/distribucionesjas.com.mx\/index.php?rest_route=\/wp\/v2\/product"}],"about":[{"href":"https:\/\/distribucionesjas.com.mx\/index.php?rest_route=\/wp\/v2\/types\/product"}],"replies":[{"embeddable":true,"href":"https:\/\/distribucionesjas.com.mx\/index.php?rest_route=%2Fwp%2Fv2%2Fcomments&post=6453"}],"version-history":[{"count":1,"href":"https:\/\/distribucionesjas.com.mx\/index.php?rest_route=\/wp\/v2\/product\/6453\/revisions"}],"predecessor-version":[{"id":6455,"href":"https:\/\/distribucionesjas.com.mx\/index.php?rest_route=\/wp\/v2\/product\/6453\/revisions\/6455"}],"wp:featuredmedia":[{"embeddable":true,"href":"https:\/\/distribucionesjas.com.mx\/index.php?rest_route=\/wp\/v2\/media\/6454"}],"wp:attachment":[{"href":"https:\/\/distribucionesjas.com.mx\/index.php?rest_route=%2Fwp%2Fv2%2Fmedia&parent=6453"}],"wp:term":[{"taxonomy":"brand","embeddable":true,"href":"https:\/\/distribucionesjas.com.mx\/index.php?rest_route=%2Fwp%2Fv2%2Fetheme_brands&post=6453"},{"taxonomy":"product_brand","embeddable":true,"href":"https:\/\/distribucionesjas.com.mx\/index.php?rest_route=%2Fwp%2Fv2%2Fproduct_brand&post=6453"},{"taxonomy":"product_cat","embeddable":true,"href":"https:\/\/distribucionesjas.com.mx\/index.php?rest_route=%2Fwp%2Fv2%2Fproduct_cat&post=6453"},{"taxonomy":"product_tag","embeddable":true,"href":"https:\/\/distribucionesjas.com.mx\/index.php?rest_route=%2Fwp%2Fv2%2Fproduct_tag&post=6453"}],"curies":[{"name":"wp","href":"https:\/\/api.w.org\/{rel}","templated":true}]}}