{"id":6645,"date":"2026-03-31T23:06:56","date_gmt":"2026-03-31T23:06:56","guid":{"rendered":"http:\/\/www.distribucionesjas.com.mx\/product\/producto\/"},"modified":"2026-04-06T15:49:07","modified_gmt":"2026-04-06T15:49:07","slug":"regulador-gas-butano-propano-weston-manometro-analogo-presion-media","status":"publish","type":"product","link":"https:\/\/distribucionesjas.com.mx\/?product=regulador-gas-butano-propano-weston-manometro-analogo-presion-media","title":{"rendered":"Regulador Gas Butano Propano Weston Man\u00f3metro An\u00e1logo Presi\u00f3n Media"},"content":{"rendered":"<p>REGULADOR P\/ BUTANO\/PROPANO TRABAJO MEDIANO<\/p>\n<p>Cuerpo de lat\u00f3n y carcasa de aluminio<br \/>\nMan\u00f3metros de 2-1\/2&#8243; de di\u00e1metro<br \/>\nTrabajo mediano<br \/>\nPerilla ajustable  <\/p>\n<p>GAS butano \/ propano<br \/>\nPRESION MAXIMA DE ENTRADA 290 PSI (2 000kPa)<br \/>\nPRESION MAXIMA DE SALIDA 29 PSI (200kPa)<br \/>\nCONEXION DE ENTRADA CGA-510<br \/>\nCONEXION DE SALIDA 9\/16\u201d-18LH  <\/p>\n<p>Este regulador de la marca Weston es ideal para la regulaci\u00f3n de presi\u00f3n en aplicaciones de gas butano y propano en trabajos de presi\u00f3n media. Su dise\u00f1o robusto, con materiales de lat\u00f3n y pl\u00e1stico, garantiza durabilidad y resistencia. Incluye un man\u00f3metro an\u00e1logo de 2-1\/2&#8243; que permite una f\u00e1cil lectura de la presi\u00f3n. Adem\u00e1s, cuenta con un certificado de calibraci\u00f3n, asegurando su precisi\u00f3n y confiabilidad. Con un peso de 1088 g y dimensiones de 32 cm x 23 cm x 13 cm, este regulador es compacto y f\u00e1cil de instalar, ofreciendo un rendimiento \u00f3ptimo en diversas aplicaciones.<\/p>\n","protected":false},"excerpt":{"rendered":"<p>REGULADOR P\/ BUTANO\/PROPANO TRABAJO MEDIANO Cuerpo de lat\u00f3n y carcasa de aluminio Man\u00f3metros de 2-1\/2&#8243; de di\u00e1metro Trabajo mediano Perilla ajustable GAS butano \/ propano&#8230;<\/p>\n","protected":false},"featured_media":6646,"comment_status":"open","ping_status":"closed","template":"","meta":[],"etheme_brands":[],"product_brand":[],"product_cat":[253],"product_tag":[],"class_list":{"0":"post-6645","1":"product","2":"type-product","3":"status-publish","4":"has-post-thumbnail","6":"product_cat-herramientas-de-medicion-mlm151548","8":"first","9":"outofstock","10":"shipping-taxable","11":"purchasable","12":"product-type-simple"},"jetpack_sharing_enabled":true,"_links":{"self":[{"href":"https:\/\/distribucionesjas.com.mx\/index.php?rest_route=\/wp\/v2\/product\/6645","targetHints":{"allow":["GET"]}}],"collection":[{"href":"https:\/\/distribucionesjas.com.mx\/index.php?rest_route=\/wp\/v2\/product"}],"about":[{"href":"https:\/\/distribucionesjas.com.mx\/index.php?rest_route=\/wp\/v2\/types\/product"}],"replies":[{"embeddable":true,"href":"https:\/\/distribucionesjas.com.mx\/index.php?rest_route=%2Fwp%2Fv2%2Fcomments&post=6645"}],"version-history":[{"count":3,"href":"https:\/\/distribucionesjas.com.mx\/index.php?rest_route=\/wp\/v2\/product\/6645\/revisions"}],"predecessor-version":[{"id":6693,"href":"https:\/\/distribucionesjas.com.mx\/index.php?rest_route=\/wp\/v2\/product\/6645\/revisions\/6693"}],"wp:featuredmedia":[{"embeddable":true,"href":"https:\/\/distribucionesjas.com.mx\/index.php?rest_route=\/wp\/v2\/media\/6646"}],"wp:attachment":[{"href":"https:\/\/distribucionesjas.com.mx\/index.php?rest_route=%2Fwp%2Fv2%2Fmedia&parent=6645"}],"wp:term":[{"taxonomy":"brand","embeddable":true,"href":"https:\/\/distribucionesjas.com.mx\/index.php?rest_route=%2Fwp%2Fv2%2Fetheme_brands&post=6645"},{"taxonomy":"product_brand","embeddable":true,"href":"https:\/\/distribucionesjas.com.mx\/index.php?rest_route=%2Fwp%2Fv2%2Fproduct_brand&post=6645"},{"taxonomy":"product_cat","embeddable":true,"href":"https:\/\/distribucionesjas.com.mx\/index.php?rest_route=%2Fwp%2Fv2%2Fproduct_cat&post=6645"},{"taxonomy":"product_tag","embeddable":true,"href":"https:\/\/distribucionesjas.com.mx\/index.php?rest_route=%2Fwp%2Fv2%2Fproduct_tag&post=6645"}],"curies":[{"name":"wp","href":"https:\/\/api.w.org\/{rel}","templated":true}]}}